{"id":533,"date":"2024-05-28T14:43:45","date_gmt":"2024-05-28T14:43:45","guid":{"rendered":"https:\/\/site.facilitazap.com.br\/?page_id=533"},"modified":"2024-05-28T15:13:54","modified_gmt":"2024-05-28T15:13:54","slug":"quem-somos","status":"publish","type":"page","link":"https:\/\/site.facilitazap.com.br\/index.php\/quem-somos\/","title":{"rendered":"Quem somos"},"content":{"rendered":"\t\t<div data-elementor-type=\"wp-page\" data-elementor-id=\"533\" class=\"elementor elementor-533\" data-elementor-post-type=\"page\">\n\t\t\t\t\t\t<section class=\"elementor-section elementor-top-section elementor-element elementor-element-6ba101d elementor-section-height-min-height elementor-section-boxed elementor-section-height-default elementor-section-items-middle\" data-id=\"6ba101d\" data-element_type=\"section\" data-settings=\"{&quot;background_background&quot;:&quot;classic&quot;}\">\n\t\t\t\t\t\t<div class=\"elementor-container elementor-column-gap-default\">\n\t\t\t\t\t<div class=\"elementor-column elementor-col-100 elementor-top-column elementor-element elementor-element-ff0a49a\" data-id=\"ff0a49a\" data-element_type=\"column\">\n\t\t\t<div class=\"elementor-widget-wrap elementor-element-populated\">\n\t\t\t\t\t\t<div class=\"elementor-element elementor-element-5eb7bc0 elementor-widget elementor-widget-image\" data-id=\"5eb7bc0\" data-element_type=\"widget\" data-widget_type=\"image.default\">\n\t\t\t\t<div class=\"elementor-widget-container\">\n\t\t\t<style>\/*! elementor - v3.21.0 - 26-05-2024 *\/\n.elementor-widget-image{text-align:center}.elementor-widget-image a{display:inline-block}.elementor-widget-image a img[src$=\".svg\"]{width:48px}.elementor-widget-image img{vertical-align:middle;display:inline-block}<\/style>\t\t\t\t\t\t\t\t\t\t\t<a href=\"https:\/\/site.facilitazap.com.br\/\">\n\t\t\t\t\t\t\t<img fetchpriority=\"high\" decoding=\"async\" width=\"800\" height=\"180\" src=\"https:\/\/site.facilitazap.com.br\/wp-content\/uploads\/2024\/05\/LOGO-CONTORNO-BRANCO-1024x231.png\" class=\"attachment-large size-large wp-image-537\" alt=\"\" srcset=\"https:\/\/site.facilitazap.com.br\/wp-content\/uploads\/2024\/05\/LOGO-CONTORNO-BRANCO-1024x231.png 1024w, https:\/\/site.facilitazap.com.br\/wp-content\/uploads\/2024\/05\/LOGO-CONTORNO-BRANCO-300x68.png 300w, https:\/\/site.facilitazap.com.br\/wp-content\/uploads\/2024\/05\/LOGO-CONTORNO-BRANCO-768x173.png 768w, https:\/\/site.facilitazap.com.br\/wp-content\/uploads\/2024\/05\/LOGO-CONTORNO-BRANCO.png 1174w\" sizes=\"(max-width: 800px) 100vw, 800px\" \/>\t\t\t\t\t\t\t\t<\/a>\n\t\t\t\t\t\t\t\t\t\t\t\t\t<\/div>\n\t\t\t\t<\/div>\n\t\t\t\t<div class=\"elementor-element elementor-element-7eb6dc6 elementor-widget elementor-widget-heading\" data-id=\"7eb6dc6\" data-element_type=\"widget\" data-widget_type=\"heading.default\">\n\t\t\t\t<div class=\"elementor-widget-container\">\n\t\t\t<style>\/*! elementor - v3.21.0 - 26-05-2024 *\/\n.elementor-heading-title{padding:0;margin:0;line-height:1}.elementor-widget-heading .elementor-heading-title[class*=elementor-size-]>a{color:inherit;font-size:inherit;line-height:inherit}.elementor-widget-heading .elementor-heading-title.elementor-size-small{font-size:15px}.elementor-widget-heading .elementor-heading-title.elementor-size-medium{font-size:19px}.elementor-widget-heading .elementor-heading-title.elementor-size-large{font-size:29px}.elementor-widget-heading .elementor-heading-title.elementor-size-xl{font-size:39px}.elementor-widget-heading .elementor-heading-title.elementor-size-xxl{font-size:59px}<\/style><h2 class=\"elementor-heading-title elementor-size-default\">Quem Somos <\/h2>\t\t<\/div>\n\t\t\t\t<\/div>\n\t\t\t\t\t<\/div>\n\t\t<\/div>\n\t\t\t\t\t<\/div>\n\t\t<\/section>\n\t\t\t\t<section class=\"elementor-section elementor-top-section elementor-element elementor-element-bbecbb1 elementor-section-boxed elementor-section-height-default elementor-section-height-default\" data-id=\"bbecbb1\" data-element_type=\"section\">\n\t\t\t\t\t\t<div class=\"elementor-container elementor-column-gap-default\">\n\t\t\t\t\t<div class=\"elementor-column elementor-col-100 elementor-top-column elementor-element elementor-element-abec935\" data-id=\"abec935\" data-element_type=\"column\">\n\t\t\t<div class=\"elementor-widget-wrap elementor-element-populated\">\n\t\t\t\t\t\t<div class=\"elementor-element elementor-element-a942da2 elementor-widget elementor-widget-text-editor\" data-id=\"a942da2\" data-element_type=\"widget\" data-widget_type=\"text-editor.default\">\n\t\t\t\t<div class=\"elementor-widget-container\">\n\t\t\t<style>\/*! elementor - v3.21.0 - 26-05-2024 *\/\n.elementor-widget-text-editor.elementor-drop-cap-view-stacked .elementor-drop-cap{background-color:#69727d;color:#fff}.elementor-widget-text-editor.elementor-drop-cap-view-framed .elementor-drop-cap{color:#69727d;border:3px solid;background-color:transparent}.elementor-widget-text-editor:not(.elementor-drop-cap-view-default) .elementor-drop-cap{margin-top:8px}.elementor-widget-text-editor:not(.elementor-drop-cap-view-default) .elementor-drop-cap-letter{width:1em;height:1em}.elementor-widget-text-editor .elementor-drop-cap{float:left;text-align:center;line-height:1;font-size:50px}.elementor-widget-text-editor .elementor-drop-cap-letter{display:inline-block}<\/style>\t\t\t\t<p>\u00a0<\/p><p>**Bem-vindo \u00e0 <strong>FacilitaZap<\/strong>: Simplificando a Comunica\u00e7\u00e3o com Eleg\u00e2ncia e Efici\u00eancia**<\/p><p>Na <strong>FacilitaZap<\/strong>, n\u00e3o apenas acreditamos na import\u00e2ncia da comunica\u00e7\u00e3o eficaz, mas tamb\u00e9m nos esfor\u00e7amos para torn\u00e1-la uma realidade acess\u00edvel para todos os nossos clientes. Desde a nossa funda\u00e7\u00e3o, temos sido impulsionados por uma vis\u00e3o singular: facilitar a comunica\u00e7\u00e3o no WhatsApp, transformando-a em uma ferramenta poderosa para neg\u00f3cios de todos os tamanhos.<\/p><p>Como uma equipe apaixonada pela inova\u00e7\u00e3o e pela excel\u00eancia, estamos constantemente empenhados em desenvolver solu\u00e7\u00f5es inteligentes e elegantes que atendam \u00e0s necessidades em constante evolu\u00e7\u00e3o dos nossos clientes. E \u00e9 com esse compromisso em mente que estamos orgulhosamente desenvolvendo um sistema abrangente e sofisticado, projetado para revolucionar a forma como as empresas se conectam e interagem com seus clientes no WhatsApp.<\/p><p>Nosso sistema \u00e9 mais do que uma simples plataforma; \u00e9 uma ferramenta poderosa para impulsionar a efici\u00eancia, a produtividade e a satisfa\u00e7\u00e3o do cliente. Desde o gerenciamento centralizado de conversas at\u00e9 o agendamento inteligente de mensagens, cada recurso foi cuidadosamente projetado para oferecer uma experi\u00eancia incompar\u00e1vel, combinando praticidade e eleg\u00e2ncia em cada intera\u00e7\u00e3o.<\/p><p>Estamos comprometidos em ser mais do que apenas um provedor de servi\u00e7os; somos parceiros estrat\u00e9gicos no sucesso dos nossos clientes. Compreendemos as complexidades e desafios do mundo dos neg\u00f3cios modernos e estamos aqui para oferecer suporte, orienta\u00e7\u00e3o e solu\u00e7\u00f5es personalizadas que impulsionem o crescimento e a excel\u00eancia em cada etapa do caminho.<\/p><p>Na <strong>FacilitaZap<\/strong>, estamos redefinindo os padr\u00f5es de excel\u00eancia em comunica\u00e7\u00e3o empresarial no WhatsApp. Junte-se a n\u00f3s nesta jornada emocionante enquanto continuamos a inovar, inspirar e facilitar a comunica\u00e7\u00e3o para empresas em todo o mundo. Seja parte da revolu\u00e7\u00e3o da comunica\u00e7\u00e3o com a <strong>FacilitaZap<\/strong> e descubra um novo mundo de possibilidades para o seu neg\u00f3cio.<\/p><p><strong>Att.,<\/strong><br \/><strong> Equipe FAcilitaZap<\/strong><\/p><p>\u00a0<\/p>\t\t\t\t\t\t<\/div>\n\t\t\t\t<\/div>\n\t\t\t\t\t<\/div>\n\t\t<\/div>\n\t\t\t\t\t<\/div>\n\t\t<\/section>\n\t\t\t\t<\/div>\n\t\t","protected":false},"excerpt":{"rendered":"<p>Quem Somos \u00a0 **Bem-vindo \u00e0 FacilitaZap: Simplificando a Comunica\u00e7\u00e3o com Eleg\u00e2ncia e Efici\u00eancia** Na FacilitaZap, n\u00e3o apenas acreditamos na import\u00e2ncia da comunica\u00e7\u00e3o eficaz, mas tamb\u00e9m nos esfor\u00e7amos para torn\u00e1-la uma realidade acess\u00edvel para todos os nossos clientes. Desde a nossa funda\u00e7\u00e3o, temos sido impulsionados por uma vis\u00e3o singular: facilitar a comunica\u00e7\u00e3o no WhatsApp, transformando-a em [&hellip;]<\/p>\n","protected":false},"author":2,"featured_media":0,"parent":0,"menu_order":0,"comment_status":"closed","ping_status":"closed","template":"elementor_canvas","meta":{"footnotes":""},"class_list":["post-533","page","type-page","status-publish","hentry"],"jetpack_sharing_enabled":true,"_links":{"self":[{"href":"https:\/\/site.facilitazap.com.br\/index.php\/wp-json\/wp\/v2\/pages\/533","targetHints":{"allow":["GET"]}}],"collection":[{"href":"https:\/\/site.facilitazap.com.br\/index.php\/wp-json\/wp\/v2\/pages"}],"about":[{"href":"https:\/\/site.facilitazap.com.br\/index.php\/wp-json\/wp\/v2\/types\/page"}],"author":[{"embeddable":true,"href":"https:\/\/site.facilitazap.com.br\/index.php\/wp-json\/wp\/v2\/users\/2"}],"replies":[{"embeddable":true,"href":"https:\/\/site.facilitazap.com.br\/index.php\/wp-json\/wp\/v2\/comments?post=533"}],"version-history":[{"count":7,"href":"https:\/\/site.facilitazap.com.br\/index.php\/wp-json\/wp\/v2\/pages\/533\/revisions"}],"predecessor-version":[{"id":543,"href":"https:\/\/site.facilitazap.com.br\/index.php\/wp-json\/wp\/v2\/pages\/533\/revisions\/543"}],"wp:attachment":[{"href":"https:\/\/site.facilitazap.com.br\/index.php\/wp-json\/wp\/v2\/media?parent=533"}],"curies":[{"name":"wp","href":"https:\/\/api.w.org\/{rel}","templated":true}]}}